{"id":78,"date":"2018-07-30T11:36:34","date_gmt":"2018-07-30T09:36:34","guid":{"rendered":"https:\/\/www.maa.nl\/de\/?page_id=78"},"modified":"2019-01-28T11:36:02","modified_gmt":"2019-01-28T10:36:02","slug":"datenschutz-erklarung","status":"publish","type":"page","link":"https:\/\/www.maa.nl\/de\/datenschutz-erklarung\/","title":{"rendered":"Datenschutz Erkl\u00e4rung"},"content":{"rendered":"[vc_row type=&#8221;in_container&#8221; full_screen_row_position=&#8221;middle&#8221; equal_height=&#8221;yes&#8221; scene_position=&#8221;center&#8221; text_color=&#8221;dark&#8221; text_align=&#8221;left&#8221; top_padding=&#8221;5%&#8221; bottom_padding=&#8221;5%&#8221; overlay_strength=&#8221;0.3&#8243; shape_divider_position=&#8221;bottom&#8221; shape_type=&#8221;&#8221;][vc_column column_padding=&#8221;no-extra-padding&#8221; column_padding_position=&#8221;all&#8221; background_color_opacity=&#8221;1&#8243; background_hover_color_opacity=&#8221;1&#8243; column_shadow=&#8221;none&#8221; column_border_radius=&#8221;none&#8221; width=&#8221;2\/3&#8243; tablet_text_alignment=&#8221;default&#8221; phone_text_alignment=&#8221;default&#8221; column_border_width=&#8221;none&#8221; column_border_style=&#8221;solid&#8221;][vc_column_text]\n<h2>Datenschutz<\/h2>\n[\/vc_column_text][vc_column_text]\n<h2>Algemeines<\/h2>\n<p>Der Maastricht Aachen Airport respektiert die Privatsph\u00e4re aller Nutzer seiner Website und sorgt daf\u00fcr, dass die pers\u00f6nlichen Informationen, die Sie uns erteilen, vertraulich behandelt werden. Wir verwenden Ihre Daten ausschlie\u00dflich f\u00fcr die Lieferung von Dienstleistungen, Waren und\/oder Informationen, um die Sie gebeten haben. Im \u00dcbrigen verwenden wir diese Daten ausschlie\u00dflich mit Ihrer Zustimmung. Der Maastricht Aachen Airport verkauft Ihre pers\u00f6nlichen Daten nicht an Dritte und stellt diese nur Dritten zur Verf\u00fcgung, die an der Erbringung unserer Dienstleistungen und\/oder der Lieferung unserer Waren beteiligt sind. Unsere Arbeitnehmer und von uns eingesetzte Dritte sind dazu verpflichtet, Ihre Daten vertraulich zu behandeln.<\/p>\n<h2>Cookies<\/h2>\n<p>Der Maastricht Aachen Airport verwendet Cookies und andere Technologien, um die Online-Benutzerfreundlichkeit f\u00fcr Sie zu verbessern und um nachzuvollziehen, wie Sie diese Website nutzen. Auf dieser Grundlage k\u00f6nnen wir die Qualit\u00e4t unserer Dienstleistungen verbessern. Cookies sind kleine Textdateien, die von Ihrem Browser auf Ihrem Computer gespeichert werden. Die meisten Cookies des Maastricht Aachen Airports werden gel\u00f6scht, sobald Sie den Browser schlie\u00dfen. Manche Cookies bleiben einige Tage bis mehrere Jahre gespeichert. Sie k\u00f6nnen die Cookies jederzeit \u00fcber Ihren Browser selbst entfernen.<br \/>\nMithilfe von Cookies k\u00f6nnen wir auch etwaige Werbeanzeigen (u. a. Google AdSense) oder Dienstleistungen (wie Google Maps) von Drittanbietern anzeigen. Sie k\u00f6nnen Cookies auf Ihrem PC platzieren oder Z\u00e4hlpixel nutzen, um Informationen einzuholen. Der Maastricht Aachen Airport hat keinen Zugang zu bzw. Kontrolle \u00fcber Cookies oder Z\u00e4hlpixel, die von Dritten genutzt werden. F\u00fcr n\u00e4here Informationen zur Vorgehensweise und der Funktionsweise ihres Opt-Out-Systems ziehen Sie bitte die Datenschutzrichtlinien dieser Dritten zurate. Die Datenschutzrichtlinien des Maastricht Aachen Airports finden hierauf keine Anwendung. Sie k\u00f6nnen Ihren Browser so einstellen, dass Sie bei Ihrem Besuch auf dieser und\/oder anderen Websites keine Cookies akzeptieren. Sie k\u00f6nnen Cookies \u00fcber Ihren Browser ausschalten.<br \/>\nBITTE BEACHTEN: Die meisten Websites funktionieren nicht mehr optimal, wenn Sie Cookies ausschalten. Detailliertere Informationen zur Verwaltung von Cookies mit spezifischen Webbrowsern finden Sie auf den folgenden Websites:<br \/>\nMicrosoft Internet Explorer 7 &amp; 8<br \/>\nMicrosoft Internet Explorer 9<br \/>\nMicrosoft Internet Explorer 10<br \/>\nMozilla Firefox<br \/>\nSafari<br \/>\nGoogle Chrome<br \/>\nOpera<\/p>\n<h2>Server-log-Dateien<\/h2>\n<p>Wie die meisten Websites speichern unsere Server Ihre Seitenanfragen automatisch in einer Protokolldatei ab. Derartige Server-Log-Dateien erhalten in der Regel anonyme Informationen wie Ihre IP-Adresse, Ihren Browsertyp, die eingestellte Browsersprache, das Datum und die Uhrzeit Ihres Besuchs. Es gibt eine Reihe von Gr\u00fcnden, weshalb diese Daten vor\u00fcbergehend gespeichert werden. Der wichtigste Grund ist, dass wir unsere Website verbessern und ihre Sicherheit gew\u00e4hrleisten wollen.<\/p>\n<h2>Kontakt<\/h2>\n<p>Sie haben Anregungen, Beschwerden oder Fragen zu unserer Datenschutzerkl\u00e4rung? Dann Schicken Sie uns eine E-Mail an info@maa.nl.[\/vc_column_text][nectar_btn size=&#8221;large&#8221; button_style=&#8221;regular&#8221; button_color_2=&#8221;Extra-Color-2&#8243; icon_family=&#8221;none&#8221; url=&#8221;\/de\/&#8221; text=&#8221;Home&#8221; margin_top=&#8221;30&#8243; margin_bottom=&#8221;60&#8243;][\/vc_column][vc_column column_padding=&#8221;no-extra-padding&#8221; column_padding_position=&#8221;all&#8221; background_color_opacity=&#8221;1&#8243; background_hover_color_opacity=&#8221;1&#8243; column_shadow=&#8221;none&#8221; column_border_radius=&#8221;none&#8221; width=&#8221;1\/3&#8243; tablet_text_alignment=&#8221;default&#8221; phone_text_alignment=&#8221;default&#8221; column_border_width=&#8221;none&#8221; column_border_style=&#8221;solid&#8221;][\/vc_column][\/vc_row]\n","protected":false},"excerpt":{"rendered":"<p>[vc_row type=&#8221;in_container&#8221; full_screen_row_position=&#8221;middle&#8221; equal_height=&#8221;yes&#8221; scene_position=&#8221;center&#8221; text_color=&#8221;dark&#8221; text_align=&#8221;left&#8221; top_padding=&#8221;5%&#8221; bottom_padding=&#8221;5%&#8221; overlay_strength=&#8221;0.3&#8243; shape_divider_position=&#8221;bottom&#8221; shape_type=&#8221;&#8221;][vc_column column_padding=&#8221;no-extra-padding&#8221; column_padding_position=&#8221;all&#8221; background_color_opacity=&#8221;1&#8243; background_hover_color_opacity=&#8221;1&#8243; column_shadow=&#8221;none&#8221; column_border_radius=&#8221;none&#8221; width=&#8221;2\/3&#8243; tablet_text_alignment=&#8221;default&#8221; phone_text_alignment=&#8221;default&#8221; column_border_width=&#8221;none&#8221; column_border_style=&#8221;solid&#8221;][vc_column_text] Datenschutz [\/vc_column_text][vc_column_text] Algemeines Der Maastricht Aachen Airport&#8230;<\/p>\n","protected":false},"author":2,"featured_media":0,"parent":0,"menu_order":0,"comment_status":"closed","ping_status":"closed","template":"","meta":{"footnotes":""},"class_list":["post-78","page","type-page","status-publish"],"yoast_head":"<!-- This site is optimized with the Yoast SEO plugin v27.3 - https:\/\/yoast.com\/product\/yoast-seo-wordpress\/ -->\n<title>Datenschutz Erkl\u00e4rung - Maastricht Aachen Airport<\/title>\n<meta name=\"robots\" content=\"index, follow, max-snippet:-1, max-image-preview:large, max-video-preview:-1\" \/>\n<link rel=\"canonical\" href=\"https:\/\/www.maa.nl\/de\/datenschutz-erklarung\/\" \/>\n<meta property=\"og:locale\" content=\"nl_NL\" \/>\n<meta property=\"og:type\" content=\"article\" \/>\n<meta property=\"og:title\" content=\"Datenschutz Erkl\u00e4rung - Maastricht Aachen Airport\" \/>\n<meta property=\"og:description\" content=\"[vc_row type=&#8221;in_container&#8221; full_screen_row_position=&#8221;middle&#8221; equal_height=&#8221;yes&#8221; scene_position=&#8221;center&#8221; text_color=&#8221;dark&#8221; text_align=&#8221;left&#8221; top_padding=&#8221;5%&#8221; bottom_padding=&#8221;5%&#8221; overlay_strength=&#8221;0.3&#8243; shape_divider_position=&#8221;bottom&#8221; shape_type=&#8221;&#8221;][vc_column column_padding=&#8221;no-extra-padding&#8221; column_padding_position=&#8221;all&#8221; background_color_opacity=&#8221;1&#8243; background_hover_color_opacity=&#8221;1&#8243; column_shadow=&#8221;none&#8221; column_border_radius=&#8221;none&#8221; width=&#8221;2\/3&#8243; tablet_text_alignment=&#8221;default&#8221; phone_text_alignment=&#8221;default&#8221; column_border_width=&#8221;none&#8221; column_border_style=&#8221;solid&#8221;][vc_column_text] Datenschutz [\/vc_column_text][vc_column_text] Algemeines Der Maastricht Aachen Airport...\" \/>\n<meta property=\"og:url\" content=\"https:\/\/www.maa.nl\/de\/datenschutz-erklarung\/\" \/>\n<meta property=\"og:site_name\" content=\"Maastricht Aachen Airport\" \/>\n<meta property=\"article:modified_time\" content=\"2019-01-28T10:36:02+00:00\" \/>\n<meta name=\"twitter:card\" content=\"summary_large_image\" \/>\n<meta name=\"twitter:label1\" content=\"Geschatte leestijd\" \/>\n\t<meta name=\"twitter:data1\" content=\"3 minuten\" \/>\n<script type=\"application\/ld+json\" class=\"yoast-schema-graph\">{\"@context\":\"https:\\\/\\\/schema.org\",\"@graph\":[{\"@type\":\"WebPage\",\"@id\":\"https:\\\/\\\/www.maa.nl\\\/de\\\/datenschutz-erklarung\\\/\",\"url\":\"https:\\\/\\\/www.maa.nl\\\/de\\\/datenschutz-erklarung\\\/\",\"name\":\"Datenschutz Erkl\u00e4rung - Maastricht Aachen Airport\",\"isPartOf\":{\"@id\":\"https:\\\/\\\/www.maa.nl\\\/de\\\/#website\"},\"datePublished\":\"2018-07-30T09:36:34+00:00\",\"dateModified\":\"2019-01-28T10:36:02+00:00\",\"breadcrumb\":{\"@id\":\"https:\\\/\\\/www.maa.nl\\\/de\\\/datenschutz-erklarung\\\/#breadcrumb\"},\"inLanguage\":\"nl-NL\",\"potentialAction\":[{\"@type\":\"ReadAction\",\"target\":[\"https:\\\/\\\/www.maa.nl\\\/de\\\/datenschutz-erklarung\\\/\"]}]},{\"@type\":\"BreadcrumbList\",\"@id\":\"https:\\\/\\\/www.maa.nl\\\/de\\\/datenschutz-erklarung\\\/#breadcrumb\",\"itemListElement\":[{\"@type\":\"ListItem\",\"position\":1,\"name\":\"Home\",\"item\":\"https:\\\/\\\/www.maa.nl\\\/de\\\/\"},{\"@type\":\"ListItem\",\"position\":2,\"name\":\"Datenschutz Erkl\u00e4rung\"}]},{\"@type\":\"WebSite\",\"@id\":\"https:\\\/\\\/www.maa.nl\\\/de\\\/#website\",\"url\":\"https:\\\/\\\/www.maa.nl\\\/de\\\/\",\"name\":\"Maastricht Aachen Airport\",\"description\":\"\",\"potentialAction\":[{\"@type\":\"SearchAction\",\"target\":{\"@type\":\"EntryPoint\",\"urlTemplate\":\"https:\\\/\\\/www.maa.nl\\\/de\\\/?s={search_term_string}\"},\"query-input\":{\"@type\":\"PropertyValueSpecification\",\"valueRequired\":true,\"valueName\":\"search_term_string\"}}],\"inLanguage\":\"nl-NL\"}]}<\/script>\n<!-- \/ Yoast SEO plugin. -->","yoast_head_json":{"title":"Datenschutz Erkl\u00e4rung - Maastricht Aachen Airport","robots":{"index":"index","follow":"follow","max-snippet":"max-snippet:-1","max-image-preview":"max-image-preview:large","max-video-preview":"max-video-preview:-1"},"canonical":"https:\/\/www.maa.nl\/de\/datenschutz-erklarung\/","og_locale":"nl_NL","og_type":"article","og_title":"Datenschutz Erkl\u00e4rung - Maastricht Aachen Airport","og_description":"[vc_row type=&#8221;in_container&#8221; full_screen_row_position=&#8221;middle&#8221; equal_height=&#8221;yes&#8221; scene_position=&#8221;center&#8221; text_color=&#8221;dark&#8221; text_align=&#8221;left&#8221; top_padding=&#8221;5%&#8221; bottom_padding=&#8221;5%&#8221; overlay_strength=&#8221;0.3&#8243; shape_divider_position=&#8221;bottom&#8221; shape_type=&#8221;&#8221;][vc_column column_padding=&#8221;no-extra-padding&#8221; column_padding_position=&#8221;all&#8221; background_color_opacity=&#8221;1&#8243; background_hover_color_opacity=&#8221;1&#8243; column_shadow=&#8221;none&#8221; column_border_radius=&#8221;none&#8221; width=&#8221;2\/3&#8243; tablet_text_alignment=&#8221;default&#8221; phone_text_alignment=&#8221;default&#8221; column_border_width=&#8221;none&#8221; column_border_style=&#8221;solid&#8221;][vc_column_text] Datenschutz [\/vc_column_text][vc_column_text] Algemeines Der Maastricht Aachen Airport...","og_url":"https:\/\/www.maa.nl\/de\/datenschutz-erklarung\/","og_site_name":"Maastricht Aachen Airport","article_modified_time":"2019-01-28T10:36:02+00:00","twitter_card":"summary_large_image","twitter_misc":{"Geschatte leestijd":"3 minuten"},"schema":{"@context":"https:\/\/schema.org","@graph":[{"@type":"WebPage","@id":"https:\/\/www.maa.nl\/de\/datenschutz-erklarung\/","url":"https:\/\/www.maa.nl\/de\/datenschutz-erklarung\/","name":"Datenschutz Erkl\u00e4rung - Maastricht Aachen Airport","isPartOf":{"@id":"https:\/\/www.maa.nl\/de\/#website"},"datePublished":"2018-07-30T09:36:34+00:00","dateModified":"2019-01-28T10:36:02+00:00","breadcrumb":{"@id":"https:\/\/www.maa.nl\/de\/datenschutz-erklarung\/#breadcrumb"},"inLanguage":"nl-NL","potentialAction":[{"@type":"ReadAction","target":["https:\/\/www.maa.nl\/de\/datenschutz-erklarung\/"]}]},{"@type":"BreadcrumbList","@id":"https:\/\/www.maa.nl\/de\/datenschutz-erklarung\/#breadcrumb","itemListElement":[{"@type":"ListItem","position":1,"name":"Home","item":"https:\/\/www.maa.nl\/de\/"},{"@type":"ListItem","position":2,"name":"Datenschutz Erkl\u00e4rung"}]},{"@type":"WebSite","@id":"https:\/\/www.maa.nl\/de\/#website","url":"https:\/\/www.maa.nl\/de\/","name":"Maastricht Aachen Airport","description":"","potentialAction":[{"@type":"SearchAction","target":{"@type":"EntryPoint","urlTemplate":"https:\/\/www.maa.nl\/de\/?s={search_term_string}"},"query-input":{"@type":"PropertyValueSpecification","valueRequired":true,"valueName":"search_term_string"}}],"inLanguage":"nl-NL"}]}},"_links":{"self":[{"href":"https:\/\/www.maa.nl\/de\/wp-json\/wp\/v2\/pages\/78","targetHints":{"allow":["GET"]}}],"collection":[{"href":"https:\/\/www.maa.nl\/de\/wp-json\/wp\/v2\/pages"}],"about":[{"href":"https:\/\/www.maa.nl\/de\/wp-json\/wp\/v2\/types\/page"}],"author":[{"embeddable":true,"href":"https:\/\/www.maa.nl\/de\/wp-json\/wp\/v2\/users\/2"}],"replies":[{"embeddable":true,"href":"https:\/\/www.maa.nl\/de\/wp-json\/wp\/v2\/comments?post=78"}],"version-history":[{"count":8,"href":"https:\/\/www.maa.nl\/de\/wp-json\/wp\/v2\/pages\/78\/revisions"}],"predecessor-version":[{"id":2479,"href":"https:\/\/www.maa.nl\/de\/wp-json\/wp\/v2\/pages\/78\/revisions\/2479"}],"wp:attachment":[{"href":"https:\/\/www.maa.nl\/de\/wp-json\/wp\/v2\/media?parent=78"}],"curies":[{"name":"wp","href":"https:\/\/api.w.org\/{rel}","templated":true}]}}